{"id":7001,"date":"2026-04-10T10:28:44","date_gmt":"2026-04-10T08:28:44","guid":{"rendered":"https:\/\/dacoruna.wpcoruna.es\/identidad\/"},"modified":"2026-05-08T12:59:30","modified_gmt":"2026-05-08T10:59:30","slug":"identidad","status":"publish","type":"page","link":"https:\/\/dacoruna.wpcoruna.es\/es\/identidad\/","title":{"rendered":"Identidad"},"content":{"rendered":"\t\t<div data-elementor-type=\"wp-page\" data-elementor-id=\"7001\" class=\"elementor elementor-7001 elementor-1876\" data-elementor-post-type=\"page\">\n\t\t\t\t<div class=\"elementor-element elementor-element-33e33f06 e-con-full hero-subrayado pt-150 pr-20 pb-20 pl-20 e-flex e-con e-parent\" data-id=\"33e33f06\" data-element_type=\"container\" data-e-type=\"container\" data-settings=\"{&quot;background_background&quot;:&quot;classic&quot;}\">\n\t\t<div class=\"elementor-element elementor-element-4af2c29f e-flex e-con-boxed e-con e-child\" data-id=\"4af2c29f\" data-element_type=\"container\" data-e-type=\"container\">\n\t\t\t\t\t<div class=\"e-con-inner\">\n\t\t\t\t<div class=\"elementor-element elementor-element-4ff1f425 blanco uppercase elementor-widget elementor-widget-breadcrumbs\" data-id=\"4ff1f425\" data-element_type=\"widget\" data-e-type=\"widget\" data-widget_type=\"breadcrumbs.default\">\n\t\t\t\t\t<p id=\"breadcrumbs\"><\/p>\t\t\t\t<\/div>\n\t\t\t\t<div class=\"elementor-element elementor-element-7ed160bb size-92 regular  xs-size-54 elementor-widget elementor-widget-heading\" data-id=\"7ed160bb\" data-element_type=\"widget\" data-e-type=\"widget\" data-widget_type=\"heading.default\">\n\t\t\t\t\t<h1 class=\"elementor-heading-title elementor-size-default\">Identidad<\/h1>\t\t\t\t<\/div>\n\t\t\t\t<div class=\"elementor-element elementor-element-5c652314 elementor-widget__width-initial blanco elementor-widget elementor-widget-text-editor\" data-id=\"5c652314\" data-element_type=\"widget\" data-e-type=\"widget\" data-widget_type=\"text-editor.default\">\n\t\t\t\t\t\t\t\t\t<p>Acceda a la documentaci\u00f3n corporativa y a los materiales gr\u00e1ficos de las iniciativas culturales de la Diputaci\u00f3n de A Coru\u00f1a.<\/p>\t\t\t\t\t\t\t\t<\/div>\n\t\t\t\t\t<\/div>\n\t\t\t\t<\/div>\n\t\t\t\t<\/div>\n\t\t<div class=\"elementor-element elementor-element-6718ae93 pt-60 pr-20 pb-100 pl-20 e-flex e-con-boxed e-con e-parent\" data-id=\"6718ae93\" data-element_type=\"container\" data-e-type=\"container\">\n\t\t\t\t\t<div class=\"e-con-inner\">\n\t\t\t\t<div class=\"elementor-element elementor-element-741baabb size-54 regular  xs-size-36 pb-24 elementor-widget elementor-widget-heading\" data-id=\"741baabb\" data-element_type=\"widget\" data-e-type=\"widget\" data-widget_type=\"heading.default\">\n\t\t\t\t\t<h2 class=\"elementor-heading-title elementor-size-default\">Acceda a los contenidos<\/h2>\t\t\t\t<\/div>\n\t\t\t\t<div class=\"elementor-element elementor-element-647638d2 elementor-widget__width-inherit blanco elementor-widget elementor-widget-text-editor\" data-id=\"647638d2\" data-element_type=\"widget\" data-e-type=\"widget\" data-widget_type=\"text-editor.default\">\n\t\t\t\t\t\t\t\t\t<p>Acceda a los manuales y a los recursos gr\u00e1ficos de las distintas iniciativas culturales de la Diputaci\u00f3n de A Coru\u00f1a, con el objetivo de garantizar una aplicaci\u00f3n correcta, coherente y respetuosa en todos los soportes de comunicaci\u00f3n.<\/p>\t\t\t\t\t\t\t\t<\/div>\n\t\t\t\t<div class=\"elementor-element elementor-element-b545aa1 elementor-widget__width-inherit boton-transparente flecha-derecha-blanco boton-full subrayado-secondary-20-bottom subrayado-secondary-20-top elementor-widget elementor-widget-button\" data-id=\"b545aa1\" data-element_type=\"widget\" data-e-type=\"widget\" data-widget_type=\"button.default\">\n\t\t\t\t\t\t\t\t\t\t<a class=\"elementor-button elementor-button-link elementor-size-sm\" href=\"https:\/\/dacoruna.wpcoruna.es\/identidade\/identidade-corporativa-de-a-cultura-e-un-dereito\/\" title=\"Identidade corporativa de A Cultura \u00e9 un dereito\">\n\t\t\t\t\t\t<span class=\"elementor-button-content-wrapper\">\n\t\t\t\t\t\t\t\t\t<span class=\"elementor-button-text\">Identidad corporativa de La Cultura es un derecho<\/span>\n\t\t\t\t\t<\/span>\n\t\t\t\t\t<\/a>\n\t\t\t\t\t\t\t\t<\/div>\n\t\t\t\t<div class=\"elementor-element elementor-element-2c3836d elementor-widget__width-inherit boton-transparente flecha-derecha-blanco boton-full subrayado-secondary-20-bottom elementor-widget elementor-widget-button\" data-id=\"2c3836d\" data-element_type=\"widget\" data-e-type=\"widget\" data-widget_type=\"button.default\">\n\t\t\t\t\t\t\t\t\t\t<a class=\"elementor-button elementor-button-link elementor-size-sm\" href=\"https:\/\/dacoruna.wpcoruna.es\/identidade\/identidade-corporativa-da-diputacion\/\" title=\"Identidade corporativa da Deputaci\u00f3n\">\n\t\t\t\t\t\t<span class=\"elementor-button-content-wrapper\">\n\t\t\t\t\t\t\t\t\t<span class=\"elementor-button-text\">Identidad corporativa de la Diputaci\u00f3n<\/span>\n\t\t\t\t\t<\/span>\n\t\t\t\t\t<\/a>\n\t\t\t\t\t\t\t\t<\/div>\n\t\t\t\t<div class=\"elementor-element elementor-element-2c5a09a elementor-widget__width-inherit boton-transparente flecha-derecha-blanco boton-full subrayado-secondary-20-bottom elementor-widget elementor-widget-button\" data-id=\"2c5a09a\" data-element_type=\"widget\" data-e-type=\"widget\" data-widget_type=\"button.default\">\n\t\t\t\t\t\t\t\t\t\t<a class=\"elementor-button elementor-button-link elementor-size-sm\" href=\"https:\/\/dacoruna.wpcoruna.es\/identidade\/imaxen-da-rede-cultural\/\" title=\"Imaxe da Rede Cultural\">\n\t\t\t\t\t\t<span class=\"elementor-button-content-wrapper\">\n\t\t\t\t\t\t\t\t\t<span class=\"elementor-button-text\">Imagen de la Red Cultural<\/span>\n\t\t\t\t\t<\/span>\n\t\t\t\t\t<\/a>\n\t\t\t\t\t\t\t\t<\/div>\n\t\t\t\t<div class=\"elementor-element elementor-element-e5ad752 elementor-widget__width-inherit boton-transparente descarga-derecha-blanco boton-full  subrayado-secondary-20-bottom elementor-widget elementor-widget-button\" data-id=\"e5ad752\" data-element_type=\"widget\" data-e-type=\"widget\" data-widget_type=\"button.default\">\n\t\t\t\t\t\t\t\t\t\t<a class=\"elementor-button elementor-button-link elementor-size-sm\" href=\"https:\/\/dacoruna.wpcoruna.es\/wp-content\/uploads\/2026\/04\/2024-49698-Resolucion-pola-que-se-modifica-o-Manual-de-identidade-Corporativa.pdf\" title=\"Manual de identidade corporativa da Deputaci\u00f3n\">\n\t\t\t\t\t\t<span class=\"elementor-button-content-wrapper\">\n\t\t\t\t\t\t\t\t\t<span class=\"elementor-button-text\">Manual de identidad corporativa de la Diputaci\u00f3n<\/span>\n\t\t\t\t\t<\/span>\n\t\t\t\t\t<\/a>\n\t\t\t\t\t\t\t\t<\/div>\n\t\t\t\t\t<\/div>\n\t\t\t\t<\/div>\n\t\t\t\t<\/div>\n\t\t","protected":false},"excerpt":{"rendered":"<p>Identidad Acceda a la documentaci\u00f3n corporativa y a los materiales gr\u00e1ficos de las iniciativas culturales de la Diputaci\u00f3n de A Coru\u00f1a. Acceda a los contenidos Acceda a los manuales y a los recursos gr\u00e1ficos de las distintas iniciativas culturales de la Diputaci\u00f3n de A Coru\u00f1a, con el objetivo de garantizar una aplicaci\u00f3n correcta, coherente y&hellip;&nbsp;<\/p>\n","protected":false},"author":1,"featured_media":0,"parent":0,"menu_order":0,"comment_status":"closed","ping_status":"closed","template":"page-templates\/template-pagebuilder-full-width.php","meta":{"_acf_changed":false,"neve_meta_sidebar":"","neve_meta_container":"","neve_meta_enable_content_width":"","neve_meta_content_width":0,"neve_meta_title_alignment":"","neve_meta_author_avatar":"","neve_post_elements_order":"","neve_meta_disable_header":"","neve_meta_disable_footer":"","neve_meta_disable_title":"","neve_meta_reading_time":"","footnotes":""},"class_list":["post-7001","page","type-page","status-publish","hentry"],"acf":[],"yoast_head":"<!-- This site is optimized with the Yoast SEO plugin v27.5 - https:\/\/yoast.com\/product\/yoast-seo-wordpress\/ -->\n<title>Identidad - Da Coru\u00f1a<\/title>\n<meta name=\"robots\" content=\"index, follow, max-snippet:-1, max-image-preview:large, max-video-preview:-1\" \/>\n<link rel=\"canonical\" href=\"https:\/\/dacoruna.wpcoruna.es\/es\/identidad\/\" \/>\n<script type=\"application\/ld+json\" class=\"yoast-schema-graph\">{\"@context\":\"https:\\\/\\\/schema.org\",\"@graph\":[{\"@type\":\"WebPage\",\"@id\":\"https:\\\/\\\/dacoruna.wpcoruna.es\\\/es\\\/identidad\\\/\",\"url\":\"https:\\\/\\\/dacoruna.wpcoruna.es\\\/es\\\/identidad\\\/\",\"name\":\"Identidad - Da Coru\u00f1a\",\"isPartOf\":{\"@id\":\"https:\\\/\\\/dacoruna.wpcoruna.es\\\/es\\\/#website\"},\"datePublished\":\"2026-04-10T08:28:44+00:00\",\"dateModified\":\"2026-05-08T10:59:30+00:00\",\"inLanguage\":\"es\",\"potentialAction\":[{\"@type\":\"ReadAction\",\"target\":[\"https:\\\/\\\/dacoruna.wpcoruna.es\\\/es\\\/identidad\\\/\"]}]},{\"@type\":\"WebSite\",\"@id\":\"https:\\\/\\\/dacoruna.wpcoruna.es\\\/es\\\/#website\",\"url\":\"https:\\\/\\\/dacoruna.wpcoruna.es\\\/es\\\/\",\"name\":\"Mi blog\",\"description\":\"A Cultura \u00e9 un dereito\",\"publisher\":{\"@id\":\"https:\\\/\\\/dacoruna.wpcoruna.es\\\/es\\\/#organization\"},\"potentialAction\":[{\"@type\":\"SearchAction\",\"target\":{\"@type\":\"EntryPoint\",\"urlTemplate\":\"https:\\\/\\\/dacoruna.wpcoruna.es\\\/es\\\/?s={search_term_string}\"},\"query-input\":{\"@type\":\"PropertyValueSpecification\",\"valueRequired\":true,\"valueName\":\"search_term_string\"}}],\"inLanguage\":\"es\"},{\"@type\":\"Organization\",\"@id\":\"https:\\\/\\\/dacoruna.wpcoruna.es\\\/es\\\/#organization\",\"name\":\"Deputaci\u00f3n Provincial da Coru\u00f1a\",\"alternateName\":\"Deputaci\u00f3n de A Coru\u00f1a :: Deputaci\u00f3n Provincial da Coru\u00f1a\",\"url\":\"https:\\\/\\\/dacoruna.wpcoruna.es\\\/es\\\/\",\"logo\":{\"@type\":\"ImageObject\",\"inLanguage\":\"es\",\"@id\":\"https:\\\/\\\/dacoruna.wpcoruna.es\\\/es\\\/#\\\/schema\\\/logo\\\/image\\\/\",\"url\":\"https:\\\/\\\/dacoruna.wpcoruna.es\\\/wp-content\\\/uploads\\\/2026\\\/03\\\/favicon-512.png\",\"contentUrl\":\"https:\\\/\\\/dacoruna.wpcoruna.es\\\/wp-content\\\/uploads\\\/2026\\\/03\\\/favicon-512.png\",\"width\":543,\"height\":543,\"caption\":\"Deputaci\u00f3n Provincial da Coru\u00f1a\"},\"image\":{\"@id\":\"https:\\\/\\\/dacoruna.wpcoruna.es\\\/es\\\/#\\\/schema\\\/logo\\\/image\\\/\"}}]}<\/script>\n<!-- \/ Yoast SEO plugin. -->","yoast_head_json":{"title":"Identidad - Da Coru\u00f1a","robots":{"index":"index","follow":"follow","max-snippet":"max-snippet:-1","max-image-preview":"max-image-preview:large","max-video-preview":"max-video-preview:-1"},"canonical":"https:\/\/dacoruna.wpcoruna.es\/es\/identidad\/","schema":{"@context":"https:\/\/schema.org","@graph":[{"@type":"WebPage","@id":"https:\/\/dacoruna.wpcoruna.es\/es\/identidad\/","url":"https:\/\/dacoruna.wpcoruna.es\/es\/identidad\/","name":"Identidad - Da Coru\u00f1a","isPartOf":{"@id":"https:\/\/dacoruna.wpcoruna.es\/es\/#website"},"datePublished":"2026-04-10T08:28:44+00:00","dateModified":"2026-05-08T10:59:30+00:00","inLanguage":"es","potentialAction":[{"@type":"ReadAction","target":["https:\/\/dacoruna.wpcoruna.es\/es\/identidad\/"]}]},{"@type":"WebSite","@id":"https:\/\/dacoruna.wpcoruna.es\/es\/#website","url":"https:\/\/dacoruna.wpcoruna.es\/es\/","name":"Mi blog","description":"A Cultura \u00e9 un dereito","publisher":{"@id":"https:\/\/dacoruna.wpcoruna.es\/es\/#organization"},"potentialAction":[{"@type":"SearchAction","target":{"@type":"EntryPoint","urlTemplate":"https:\/\/dacoruna.wpcoruna.es\/es\/?s={search_term_string}"},"query-input":{"@type":"PropertyValueSpecification","valueRequired":true,"valueName":"search_term_string"}}],"inLanguage":"es"},{"@type":"Organization","@id":"https:\/\/dacoruna.wpcoruna.es\/es\/#organization","name":"Deputaci\u00f3n Provincial da Coru\u00f1a","alternateName":"Deputaci\u00f3n de A Coru\u00f1a :: Deputaci\u00f3n Provincial da Coru\u00f1a","url":"https:\/\/dacoruna.wpcoruna.es\/es\/","logo":{"@type":"ImageObject","inLanguage":"es","@id":"https:\/\/dacoruna.wpcoruna.es\/es\/#\/schema\/logo\/image\/","url":"https:\/\/dacoruna.wpcoruna.es\/wp-content\/uploads\/2026\/03\/favicon-512.png","contentUrl":"https:\/\/dacoruna.wpcoruna.es\/wp-content\/uploads\/2026\/03\/favicon-512.png","width":543,"height":543,"caption":"Deputaci\u00f3n Provincial da Coru\u00f1a"},"image":{"@id":"https:\/\/dacoruna.wpcoruna.es\/es\/#\/schema\/logo\/image\/"}}]}},"_links":{"self":[{"href":"https:\/\/dacoruna.wpcoruna.es\/es\/wp-json\/wp\/v2\/pages\/7001","targetHints":{"allow":["GET"]}}],"collection":[{"href":"https:\/\/dacoruna.wpcoruna.es\/es\/wp-json\/wp\/v2\/pages"}],"about":[{"href":"https:\/\/dacoruna.wpcoruna.es\/es\/wp-json\/wp\/v2\/types\/page"}],"author":[{"embeddable":true,"href":"https:\/\/dacoruna.wpcoruna.es\/es\/wp-json\/wp\/v2\/users\/1"}],"replies":[{"embeddable":true,"href":"https:\/\/dacoruna.wpcoruna.es\/es\/wp-json\/wp\/v2\/comments?post=7001"}],"version-history":[{"count":0,"href":"https:\/\/dacoruna.wpcoruna.es\/es\/wp-json\/wp\/v2\/pages\/7001\/revisions"}],"wp:attachment":[{"href":"https:\/\/dacoruna.wpcoruna.es\/es\/wp-json\/wp\/v2\/media?parent=7001"}],"curies":[{"name":"wp","href":"https:\/\/api.w.org\/{rel}","templated":true}]}}